{"id":66,"date":"2024-08-14T18:03:53","date_gmt":"2024-08-14T16:03:53","guid":{"rendered":"https:\/\/french-riviera-vtc.fr\/?page_id=66"},"modified":"2025-02-26T02:22:03","modified_gmt":"2025-02-26T01:22:03","slug":"mentions-legales","status":"publish","type":"page","link":"https:\/\/french-riviera-vtc.fr\/en\/mentions-legales\/","title":{"rendered":"LEGAL NOTICE"},"content":{"rendered":"<p><strong>Mentions l\u00e9gales<\/strong><br>En vertu de l\u2019article 6 de la loi n\u00b0 2004-575 du 21 juin 2004 pour la confiance dans l\u2019\u00e9conomie num\u00e9rique, il est pr\u00e9cis\u00e9 aux utilisateurs du site french-riviera-vtc.fr l\u2019identit\u00e9 des diff\u00e9rents intervenants dans le cadre de sa r\u00e9alisation et de son suivi :<\/p>\n\n\n\n<p>Propri\u00e9taire : RIVIERA VTC<br>Forme juridique : SASU<br>SIRET : 90802942400011<br>Adresse: 2732 RTE NATIONALE 7, VILLENEUVE LOUBET, 06270<br>Responsable publication : Saif Chatti<br>H\u00e9bergeur du site Internet : Hostinger, 61 Lordou Vironos Street, 6023 Larnaca, Chypre<\/p>\n\n\n\n<p><\/p>","protected":false},"excerpt":{"rendered":"<p>Mentions l\u00e9galesEn vertu de l\u2019article 6 de la loi n\u00b0 2004-575 du 21 juin 2004 pour la confiance dans l\u2019\u00e9conomie num\u00e9rique, il est pr\u00e9cis\u00e9 aux utilisateurs du site french-riviera-vtc.fr l\u2019identit\u00e9 des diff\u00e9rents intervenants dans le cadre de sa r\u00e9alisation et de son suivi : Propri\u00e9taire : RIVIERA VTCForme juridique : SASUSIRET : 90802942400011Adresse: 2732 RTE NATIONALE 7, VILLENEUVE LOUBET, 06270Responsable publication : Saif ChattiH\u00e9bergeur du site Internet : Hostinger, 61 Lordou Vironos Street, 6023 Larnaca, Chypre<\/p>","protected":false},"author":1,"featured_media":0,"parent":0,"menu_order":0,"comment_status":"closed","ping_status":"closed","template":"","meta":{"footnotes":""},"class_list":["post-66","page","type-page","status-publish","hentry"],"jetpack_sharing_enabled":true,"_links":{"self":[{"href":"https:\/\/french-riviera-vtc.fr\/en\/wp-json\/wp\/v2\/pages\/66","targetHints":{"allow":["GET"]}}],"collection":[{"href":"https:\/\/french-riviera-vtc.fr\/en\/wp-json\/wp\/v2\/pages"}],"about":[{"href":"https:\/\/french-riviera-vtc.fr\/en\/wp-json\/wp\/v2\/types\/page"}],"author":[{"embeddable":true,"href":"https:\/\/french-riviera-vtc.fr\/en\/wp-json\/wp\/v2\/users\/1"}],"replies":[{"embeddable":true,"href":"https:\/\/french-riviera-vtc.fr\/en\/wp-json\/wp\/v2\/comments?post=66"}],"version-history":[{"count":4,"href":"https:\/\/french-riviera-vtc.fr\/en\/wp-json\/wp\/v2\/pages\/66\/revisions"}],"predecessor-version":[{"id":868,"href":"https:\/\/french-riviera-vtc.fr\/en\/wp-json\/wp\/v2\/pages\/66\/revisions\/868"}],"wp:attachment":[{"href":"https:\/\/french-riviera-vtc.fr\/en\/wp-json\/wp\/v2\/media?parent=66"}],"curies":[{"name":"wp","href":"https:\/\/api.w.org\/{rel}","templated":true}]}}