{"id":63,"date":"2024-08-14T18:00:35","date_gmt":"2024-08-14T16:00:35","guid":{"rendered":"https:\/\/french-riviera-vtc.fr\/?page_id=63"},"modified":"2025-02-26T03:45:23","modified_gmt":"2025-02-26T02:45:23","slug":"cgv","status":"publish","type":"page","link":"https:\/\/french-riviera-vtc.fr\/en\/cgv\/","title":{"rendered":"GENERAL TERMS AND CONDITIONS"},"content":{"rendered":"<p><strong>Conditions g\u00e9n\u00e9rales de vente<\/strong><br>Toute r\u00e9servation effectu\u00e9e aupr\u00e8s de <strong>French Riviera VTC<\/strong> entra\u00eene l\u2019acceptation sans r\u00e9serve des pr\u00e9sentes conditions g\u00e9n\u00e9rales de vente.<\/p>\n\n\n\n<p><strong>ARTICLE 1 \u2013 R\u00c9SERVATIONS<\/strong><\/p>\n\n\n\n<p>Toute prestation doit faire l\u2019objet d\u2019une r\u00e9servation confirm\u00e9e par \u00e9crit. Les r\u00e9servations peuvent se faire sur notre page d\u00e9di\u00e9e \u00e0 cet effet <a href=\"https:\/\/french-riviera-vtc.fr\/en\/\">https:\/\/french-riviera-vtc.fr<\/a>, par t\u00e9l\u00e9phone <a href=\"tel:+33758662833\">+33 (0) 6 59 13 79 56<\/a> ou directement par email \u00e0 l\u2019adresse <strong><a>contact.rivieravtc@gmail.com<\/a><\/strong>.<\/p>\n\n\n\n<p>Un email confirmant notre disponibilit\u00e9 sera alors envoy\u00e9 par nos services.<\/p>\n\n\n\n<p>Toute r\u00e9servation de prestation doit \u00eatre effectu\u00e9e au plus tard 24 heures avant le d\u00e9but de ladite prestation. Elle doit \u00eatre effectu\u00e9e par le client ou par un mandataire d\u00fbment autoris\u00e9.<\/p>\n\n\n\n<p>Toute r\u00e9servation doit mentionner imp\u00e9rativement les \u00e9l\u00e9ments suivants : nom et coordonn\u00e9es du client (adresse, mail, t\u00e9l\u00e9phone), adresse du lieu de prise en charge et adresse du lieu d\u2019arriv\u00e9e pour les transferts, la dur\u00e9e souhait\u00e9e pour les mises \u00e0 disposition et de tours priv\u00e9s, date et heure du d\u00e9but de la prestation, nombre de passagers et nombre de bagages.<\/p>\n\n\n\n<p><strong>ARTICLE 2 \u2013 PRESTATION<\/strong><\/p>\n\n\n\n<p>La prestation n\u2019est valable qu\u2019une fois.<\/p>\n\n\n\n<p>La prestation commence au lieu de stationnement du v\u00e9hicule, au jour et \u00e0 l\u2019heure fix\u00e9s au contrat pr\u00e9alablement \u00e9tabli entre les parties. Elle se termine au jour et \u00e0 l\u2019heure de retour du v\u00e9hicule \u00e0 son lieu de d\u00e9part.<\/p>\n\n\n\n<p>Dans le cas d\u2019un retard du client, le chauffeur patientera 15 minutes sur le lieu de la prise en charge et 45 minutes si le client a r\u00e9serv\u00e9 un transfert depuis l\u2019a\u00e9roport. Pass\u00e9 ce d\u00e9lai, <strong>French Riviera VTC<\/strong> consid\u00e9rera la prestation annul\u00e9e si nous n\u2019avons pas pu avoir le contact avec le client en nous signalant les raisons du retard. Celle-ci sera factur\u00e9e au client et ne donnera lieu \u00e0 aucun remboursement.<\/p>\n\n\n\n<p>S\u2019il s\u2019av\u00e9rait que le client ne soit pas pr\u00e9sent sur le lieu de rendez-vous, la prestation serait d\u00e9finitivement perdue, due par celui-ci et ne donnerait aucun droit \u00e0 remboursement.<\/p>\n\n\n\n<p>Si le client ne trouve pas le chauffeur, il doit appeler imm\u00e9diatement <strong>French Riviera VTC<\/strong> pour \u00e9viter d\u2019\u00eatre factur\u00e9 du montant int\u00e9gral de la prestation.<\/p>\n\n\n\n<p>Le respect et le bon usage du mat\u00e9riel est de rigueur. Toute d\u00e9t\u00e9rioration du mat\u00e9riel et tout dommage caus\u00e9 \u00e0 l\u2019int\u00e9rieur du v\u00e9hicule sera \u00e0 la charge du client et lui sera factur\u00e9.<\/p>\n\n\n\n<p>Il est strictement interdit de fumer \u00e0 l\u2019int\u00e9rieur du v\u00e9hicule.<\/p>\n\n\n\n<p>Le port de la ceinture de s\u00e9curit\u00e9 est obligatoire \u00e0 l\u2019avant comme \u00e0 l\u2019arri\u00e8re du v\u00e9hicule.<\/p>\n\n\n\n<p>Les animaux ne sont pas admis dans les v\u00e9hicules, sauf dans une cage ou un sac pr\u00e9vu \u00e0 cet effet.<\/p>\n\n\n\n<p><strong>French Riviera VTC<\/strong> n\u2019est en aucun cas responsable des objets oubli\u00e9s dans les v\u00e9hicules ou ailleurs pendant la prestation.<\/p>\n\n\n\n<p>En aucun cas, le client ne pourra exiger du chauffeur qu\u2019il d\u00e9passe la limitation de vitesse autoris\u00e9e ou commette quelconques infractions au code de la route.<\/p>\n\n\n\n<p>Plus g\u00e9n\u00e9ralement, le chauffeur se r\u00e9serve le droit de refuser toutes instructions et\/ou demandes du client qu\u2019il consid\u00e9rerait comme \u00e9tant de nature \u00e0 compromettre la s\u00e9curit\u00e9 des occupants du v\u00e9hicule et des autres usagers de la route.<\/p>\n\n\n\n<p>Nos chauffeurs sont de vrais professionnels, leur responsabilit\u00e9 \u00e9tant engag\u00e9e, ils ont pour consigne de respecter et faire respecter les lois en vigueur.<\/p>\n\n\n\n<p><strong>French Riviera VTC<\/strong> se r\u00e9serve le droit d\u2019interrompre toute prestation sur le champ, dans le cas o\u00f9 le client viendrait \u00e0 avoir un comportement mettant en p\u00e9ril la s\u00e9curit\u00e9 du chauffeur, le v\u00e9hicule lou\u00e9 ou les autres usagers de la route. La prestation sera alors factur\u00e9e dans son int\u00e9gralit\u00e9 au client.<\/p>\n\n\n\n<p>Les clients trop alcoolis\u00e9s ou insultant envers le chauffeur ne pourront en aucun cas prendre place \u00e0 bord des v\u00e9hicules. La prestation sera alors factur\u00e9e dans son int\u00e9gralit\u00e9 au client.<\/p>\n\n\n\n<p>Le volume de bagages transport\u00e9s est proportionnel \u00e0 la capacit\u00e9 du v\u00e9hicule. Ils demeurent pendant toute la prestation sous la responsabilit\u00e9 des personnes transport\u00e9es.<\/p>\n\n\n\n<p>Toute modification du trajet par le client ou par son donneur d\u2019ordre pourra engendrer des suppl\u00e9ments qui lui seront factur\u00e9s.<\/p>\n\n\n\n<p>La prestation fournie par <strong>French Riviera VTC<\/strong> telle que r\u00e9glement\u00e9e par les articles L.231-1 \u00e0 L.231-4 et R.231-1 \u00e0 R.231-9 du Code du Tourisme, consiste en une mise \u00e0 disposition au profit du client d\u2019un v\u00e9hicule, indissociablement assortie des services d\u2019un chauffeur. Sont ainsi notamment inclus dans la prestation :<\/p>\n\n\n\n<ul class=\"wp-block-list\">\n<li>le v\u00e9hicule mis \u00e0 disposition du client ;<\/li>\n\n\n\n<li>la mise \u00e0 disposition d\u2019un chauffeur s\u2019exprimant au minimum en langue fran\u00e7aise ;<\/li>\n\n\n\n<li>l\u2019assurance professionnelle pour les passagers transport\u00e9s \u00e0 titre on\u00e9reux, les kilom\u00e8tres parcourus, l\u2019entretien du v\u00e9hicule, le carburant et la dur\u00e9e d\u00e9termin\u00e9e lors de la r\u00e9servation de la prestation ;<\/li>\n\n\n\n<li>le transport des bagages du client, dans la limite des possibilit\u00e9s du v\u00e9hicule ;<\/li>\n\n\n\n<li>le co\u00fbt des p\u00e9ages.<\/li>\n<\/ul>\n\n\n\n<p>Ne sont pas inclus dans la Prestation :<\/p>\n\n\n\n<ul class=\"wp-block-list\">\n<li>le co\u00fbt des parkings et plus g\u00e9n\u00e9ralement de tous lieux de stationnement ;<\/li>\n\n\n\n<li>les frais d\u2019entr\u00e9e sur les sites (mus\u00e9es, th\u00e9\u00e2tres, ch\u00e2teaux, stades ou autres) ;<\/li>\n\n\n\n<li>les droits d\u2019entr\u00e9e dans les lieux publics.<\/li>\n<\/ul>\n\n\n\n<p><strong>ARTICLE 3 \u2013 PRIX<\/strong><\/p>\n\n\n\n<p>Les tarifs \u00e9tablis par notre simulateur sont donn\u00e9s \u00e0 titre indicatif et peuvent \u00eatre modifi\u00e9s en fonction des horaires souhait\u00e9s. Pour confirmer ce tarif, il est recommand\u00e9 d\u2019envoyer une demande de r\u00e9servation. <strong>French Riviera VTC<\/strong> confirmera tous les d\u00e9tails de cette demande et notamment le prix de la prestation.<\/p>\n\n\n\n<p>Nos tarifs s\u2019entendent TTC, et sont exprim\u00e9s en Euros (\u20ac).<\/p>\n\n\n\n<p>Le tarif de transfert s\u2019applique au d\u00e9placement direct, sans arr\u00eat, sans \u00e9tape, depuis le lieu de prise en charge jusqu\u2019au lieu d\u2019arriv\u00e9e pr\u00e9alablement \u00e9tabli dans le contrat.<\/p>\n\n\n\n<p>Les tarifs sont applicables pour des op\u00e9rations ne d\u00e9passant pas 2 v\u00e9hicules de la m\u00eame cat\u00e9gorie. Au-del\u00e0, <strong>French Riviera VTC<\/strong> se r\u00e9serve le droit de majorer ses tarifs en fonction du nombre de v\u00e9hicules souhait\u00e9s.<\/p>\n\n\n\n<p>Les prix s\u2019entendent par v\u00e9hicule, quel que soit le nombre de personnes transport\u00e9es (jusqu\u2019\u00e0 3 pour les berlines et jusqu\u2019\u00e0 7 pour les minivans).<\/p>\n\n\n\n<p><strong>ARTICLE 4 \u2013 R\u00c8GLEMENT<\/strong><\/p>\n\n\n\n<p>Nos prestations sont payables au comptant, en euros, \u00e0 bord du v\u00e9hicule, lors de la prise en charge du client.<\/p>\n\n\n\n<p>Nous acceptons les r\u00e8glements par virement, en esp\u00e8ces et par carte bancaire (Visa, Mastercard, American Express\u2026).<\/p>\n\n\n\n<p>Aucun escompte n\u2019est accord\u00e9 pour un paiement \u00e0 une date ant\u00e9rieure \u00e0 la prestation.<\/p>\n\n\n\n<p>Dans tous les cas, le client signataire de la r\u00e9servation est seul responsable du paiement de la prestation en cas de d\u00e9faillance de l\u2019utilisateur.<\/p>\n\n\n\n<p>Toute prestation suppl\u00e9mentaire, tout d\u00e9passement de kilom\u00e8tre ou de dur\u00e9e, sera factur\u00e9 conform\u00e9ment au prix indiqu\u00e9 sur le bon de commande.<\/p>\n\n\n\n<p>Toute heure commenc\u00e9e est due dans son int\u00e9gralit\u00e9.<\/p>\n\n\n\n<p>Pour les forfaits mariages ou excursions, la r\u00e9servation ne devient ferme qu\u2019apr\u00e8s versement d\u2019un acompte non-restituable \u00e9gal \u00e0 30% du montant de la prestation.<\/p>\n\n\n\n<p><strong>ARTICLE 5 \u2013 ANNULATION<\/strong><\/p>\n\n\n\n<p>Toute annulation de r\u00e9servation moins de 24 heures avant le d\u00e9but de la prestation sera consid\u00e9r\u00e9e comme due et factur\u00e9e au client. Pour pouvoir annuler, veuillez appeler le <strong>+33 (0) 6 59 13 79 56<\/strong>.<\/p>\n\n\n\n<p>Au-del\u00e0 d\u2019un d\u00e9lai d\u2019attente de 15 minutes sur le lieu de prise en charge et 45 minutes \u00e0 l\u2019a\u00e9roport, la prestation sera consid\u00e9r\u00e9e comme due et factur\u00e9e au client.<\/p>\n\n\n\n<p>En cas d\u2019absence du client, la prestation sera consid\u00e9r\u00e9e comme due et factur\u00e9e.<\/p>\n\n\n\n<p><strong>ARTICLE 6 \u2013 LIMITES DE RESPONSABILIT\u00c9S<\/strong><\/p>\n\n\n\n<p><strong>French Riviera VTC<\/strong> ne peut en aucun cas \u00eatre tenue responsable des retards sur les trafics ferroviaires et a\u00e9riens.<\/p>\n\n\n\n<p><strong>French Riviera VTC<\/strong> ne peut en aucun cas \u00eatre tenue responsable des retards dus au trafic routier ind\u00e9pendant de sa volont\u00e9 : route barr\u00e9e, pont interdit \u00e0 la circulation, embouteillages, route inond\u00e9e, manifestation, conditions m\u00e9t\u00e9orologiques, interventions des forces de police, des pompiers ou des douanes, etc. (liste non exhaustive).<\/p>\n\n\n\n<p><strong>French Riviera VTC<\/strong> ne peut en aucun cas \u00eatre tenue responsable des retards directement issus d\u2019un retard initial du client, ou de la n\u00e9cessit\u00e9 d\u2019effectuer un trajet, \u00e0 la demande du client, dans un d\u00e9lai manifestement trop court.<\/p>\n\n\n\n<p>En cas d\u2019immobilisation du v\u00e9hicule due \u00e0 une d\u00e9faillance m\u00e9canique, un accident ou un dommage (vol, d\u00e9gradation), <strong>French Riviera VTC<\/strong> s\u2019efforcera d\u2019assurer la continuit\u00e9 du parcours, soit avec l\u2019un de ses v\u00e9hicules, soit avec un v\u00e9hicule affr\u00e9t\u00e9 \u00e0 une autre compagnie et s\u2019engage \u00e0 pr\u00e9venir le donneur d\u2019ordre.<\/p>\n\n\n\n<p><strong>ARTICLE 7 \u2013 ASSURANCES<\/strong><\/p>\n\n\n\n<p>La responsabilit\u00e9 de <strong>French Riviera VTC<\/strong> est limit\u00e9e aux clauses de notre contrat d\u2019assurance.<\/p>\n\n\n\n<p>Nos v\u00e9hicules sont assur\u00e9s pour le transport de personnes et nos voyageurs pour tous les dommages corporels aupr\u00e8s de notre assureur. Cette assurance couvre \u00e9galement la responsabilit\u00e9 civile professionnelle, conform\u00e9ment \u00e0 la r\u00e9glementation fran\u00e7aise en vigueur, en application de l\u2019article L. 3120-4 du Code des Transports.<\/p>\n\n\n\n<p>Le donneur d\u2019ordre aura toute facult\u00e9 pour souscrire une assurance compl\u00e9mentaire \u00e0 sa charge couvrant les frais d\u2019annulation, les frais de rapatriement ou les bagages transport\u00e9s.<\/p>\n\n\n\n<p><strong>ARTICLE 8 \u2013 DONN\u00c9ES PERSONNELLES<\/strong><\/p>\n\n\n\n<p><strong>French Riviera VTC<\/strong> s\u2019engage \u00e0 respecter la vie priv\u00e9e de ses clients.<\/p>\n\n\n\n<p><strong>French Riviera VTC<\/strong> s\u2019engage \u00e0 respecter la confidentialit\u00e9 des donn\u00e9es personnelles collect\u00e9es sur son site internet conform\u00e9ment \u00e0 la loi fran\u00e7aise Informatique et Libert\u00e9 n\u00b078-17 du 6 janvier 1978. \u00c0 ce titre, <strong>French Riviera VTC<\/strong> s\u2019engage \u00e0 ne pas divulguer \u00e0 des tiers les informations communiqu\u00e9es par le client sur son site internet et \u00e0 ne les utiliser que pour le traitement de sa r\u00e9servation. Le client peut exercer un droit d\u2019acc\u00e8s \u00e0 son fichier et un droit de rectification.<\/p>","protected":false},"excerpt":{"rendered":"<p>Conditions g\u00e9n\u00e9rales de venteToute r\u00e9servation effectu\u00e9e aupr\u00e8s de French Riviera VTC entra\u00eene l\u2019acceptation sans r\u00e9serve des pr\u00e9sentes conditions g\u00e9n\u00e9rales de vente. ARTICLE 1 \u2013 R\u00c9SERVATIONS Toute prestation doit faire l\u2019objet d\u2019une r\u00e9servation confirm\u00e9e par \u00e9crit. Les r\u00e9servations peuvent se faire sur notre page d\u00e9di\u00e9e \u00e0 cet effet https:\/\/french-riviera-vtc.fr, par t\u00e9l\u00e9phone +33 (0) 6 59 13 79 56 ou directement par email \u00e0 l\u2019adresse contact.rivieravtc@gmail.com. Un email confirmant notre disponibilit\u00e9 sera alors envoy\u00e9 par nos services. Toute r\u00e9servation de prestation doit \u00eatre effectu\u00e9e au plus tard 24 heures avant le d\u00e9but de ladite prestation. Elle doit \u00eatre effectu\u00e9e par le client ou par un mandataire d\u00fbment autoris\u00e9. Toute r\u00e9servation doit mentionner imp\u00e9rativement les \u00e9l\u00e9ments suivants : nom et coordonn\u00e9es du client (adresse, mail, t\u00e9l\u00e9phone), adresse du lieu de prise en charge et adresse du lieu d\u2019arriv\u00e9e pour les transferts, la dur\u00e9e souhait\u00e9e pour les mises \u00e0 disposition et de tours priv\u00e9s, date et heure du d\u00e9but de la prestation, nombre de passagers et nombre de bagages. ARTICLE 2 \u2013 PRESTATION La prestation n\u2019est valable qu\u2019une fois. La prestation commence au lieu de stationnement du v\u00e9hicule, au jour et \u00e0 l\u2019heure fix\u00e9s au contrat pr\u00e9alablement \u00e9tabli entre les parties. Elle se termine au jour et \u00e0 l\u2019heure de retour du v\u00e9hicule \u00e0 son lieu de d\u00e9part. Dans le cas d\u2019un retard du client, le chauffeur patientera 15 minutes sur le lieu de la prise en charge et 45 minutes si le client a r\u00e9serv\u00e9 un transfert depuis l\u2019a\u00e9roport. Pass\u00e9 ce d\u00e9lai, French Riviera VTC consid\u00e9rera la prestation annul\u00e9e si nous n\u2019avons pas pu avoir le contact avec le client en nous signalant les raisons du retard. Celle-ci sera factur\u00e9e au client et ne donnera lieu \u00e0 aucun remboursement. S\u2019il s\u2019av\u00e9rait que le client ne soit pas pr\u00e9sent sur le lieu de rendez-vous, la prestation serait d\u00e9finitivement perdue, due par celui-ci et ne donnerait aucun droit \u00e0 remboursement. Si le client ne trouve pas le chauffeur, il doit appeler imm\u00e9diatement French Riviera VTC pour \u00e9viter d\u2019\u00eatre factur\u00e9 du montant int\u00e9gral de la prestation. Le respect et le bon usage du mat\u00e9riel est de rigueur. Toute d\u00e9t\u00e9rioration du mat\u00e9riel et tout dommage caus\u00e9 \u00e0 l\u2019int\u00e9rieur du v\u00e9hicule sera \u00e0 la charge du client et lui sera factur\u00e9. Il est strictement interdit de fumer \u00e0 l\u2019int\u00e9rieur du v\u00e9hicule. Le port de la ceinture de s\u00e9curit\u00e9 est obligatoire \u00e0 l\u2019avant comme \u00e0 l\u2019arri\u00e8re du v\u00e9hicule. Les animaux ne sont pas admis dans les v\u00e9hicules, sauf dans une cage ou un sac pr\u00e9vu \u00e0 cet effet. French Riviera VTC n\u2019est en aucun cas responsable des objets oubli\u00e9s dans les v\u00e9hicules ou ailleurs pendant la prestation. En aucun cas, le client ne pourra exiger du chauffeur qu\u2019il d\u00e9passe la limitation de vitesse autoris\u00e9e ou commette quelconques infractions au code de la route. Plus g\u00e9n\u00e9ralement, le chauffeur se r\u00e9serve le droit de refuser toutes instructions et\/ou demandes du client qu\u2019il consid\u00e9rerait comme \u00e9tant de nature \u00e0 compromettre la s\u00e9curit\u00e9 des occupants du v\u00e9hicule et des autres usagers de la route. Nos chauffeurs sont de vrais professionnels, leur responsabilit\u00e9 \u00e9tant engag\u00e9e, ils ont pour consigne de respecter et faire respecter les lois en vigueur. French Riviera VTC se r\u00e9serve le droit d\u2019interrompre toute prestation sur le champ, dans le cas o\u00f9 le client viendrait \u00e0 avoir un comportement mettant en p\u00e9ril la s\u00e9curit\u00e9 du chauffeur, le v\u00e9hicule lou\u00e9 ou les autres usagers de la route. La prestation sera alors factur\u00e9e dans son int\u00e9gralit\u00e9 au client. Les clients trop alcoolis\u00e9s ou insultant envers le chauffeur ne pourront en aucun cas prendre place \u00e0 bord des v\u00e9hicules. La prestation sera alors factur\u00e9e dans son int\u00e9gralit\u00e9 au client. Le volume de bagages transport\u00e9s est proportionnel \u00e0 la capacit\u00e9 du v\u00e9hicule. Ils demeurent pendant toute la prestation sous la responsabilit\u00e9 des personnes transport\u00e9es. Toute modification du trajet par le client ou par son donneur d\u2019ordre pourra engendrer des suppl\u00e9ments qui lui seront factur\u00e9s. La prestation fournie par French Riviera VTC telle que r\u00e9glement\u00e9e par les articles L.231-1 \u00e0 L.231-4 et R.231-1 \u00e0 R.231-9 du Code du Tourisme, consiste en une mise \u00e0 disposition au profit du client d\u2019un v\u00e9hicule, indissociablement assortie des services d\u2019un chauffeur. Sont ainsi notamment inclus dans la prestation : Ne sont pas inclus dans la Prestation : ARTICLE 3 \u2013 PRIX Les tarifs \u00e9tablis par notre simulateur sont donn\u00e9s \u00e0 titre indicatif et peuvent \u00eatre modifi\u00e9s en fonction des horaires souhait\u00e9s. Pour confirmer ce tarif, il est recommand\u00e9 d\u2019envoyer une demande de r\u00e9servation. French Riviera VTC confirmera tous les d\u00e9tails de cette demande et notamment le prix de la prestation. Nos tarifs s\u2019entendent TTC, et sont exprim\u00e9s en Euros (\u20ac). Le tarif de transfert s\u2019applique au d\u00e9placement direct, sans arr\u00eat, sans \u00e9tape, depuis le lieu de prise en charge jusqu\u2019au lieu d\u2019arriv\u00e9e pr\u00e9alablement \u00e9tabli dans le contrat. Les tarifs sont applicables pour des op\u00e9rations ne d\u00e9passant pas 2 v\u00e9hicules de la m\u00eame cat\u00e9gorie. Au-del\u00e0, French Riviera VTC se r\u00e9serve le droit de majorer ses tarifs en fonction du nombre de v\u00e9hicules souhait\u00e9s. Les prix s\u2019entendent par v\u00e9hicule, quel que soit le nombre de personnes transport\u00e9es (jusqu\u2019\u00e0 3 pour les berlines et jusqu\u2019\u00e0 7 pour les minivans). ARTICLE 4 \u2013 R\u00c8GLEMENT Nos prestations sont payables au comptant, en euros, \u00e0 bord du v\u00e9hicule, lors de la prise en charge du client. Nous acceptons les r\u00e8glements par virement, en esp\u00e8ces et par carte bancaire (Visa, Mastercard, American Express\u2026). Aucun escompte n\u2019est accord\u00e9 pour un paiement \u00e0 une date ant\u00e9rieure \u00e0 la prestation. Dans tous les cas, le client signataire de la r\u00e9servation est seul responsable du paiement de la prestation en cas de d\u00e9faillance de l\u2019utilisateur. Toute prestation suppl\u00e9mentaire, tout d\u00e9passement de kilom\u00e8tre ou de dur\u00e9e, sera factur\u00e9 conform\u00e9ment au prix indiqu\u00e9 sur le bon de commande. Toute heure commenc\u00e9e est due dans son int\u00e9gralit\u00e9. Pour les forfaits mariages ou excursions, la r\u00e9servation ne devient ferme qu\u2019apr\u00e8s versement d\u2019un acompte non-restituable \u00e9gal \u00e0 30% du montant de la prestation. ARTICLE 5 \u2013 ANNULATION Toute annulation de r\u00e9servation moins de 24 heures<\/p>","protected":false},"author":1,"featured_media":0,"parent":0,"menu_order":0,"comment_status":"closed","ping_status":"closed","template":"","meta":{"footnotes":""},"class_list":["post-63","page","type-page","status-publish","hentry"],"jetpack_sharing_enabled":true,"_links":{"self":[{"href":"https:\/\/french-riviera-vtc.fr\/en\/wp-json\/wp\/v2\/pages\/63","targetHints":{"allow":["GET"]}}],"collection":[{"href":"https:\/\/french-riviera-vtc.fr\/en\/wp-json\/wp\/v2\/pages"}],"about":[{"href":"https:\/\/french-riviera-vtc.fr\/en\/wp-json\/wp\/v2\/types\/page"}],"author":[{"embeddable":true,"href":"https:\/\/french-riviera-vtc.fr\/en\/wp-json\/wp\/v2\/users\/1"}],"replies":[{"embeddable":true,"href":"https:\/\/french-riviera-vtc.fr\/en\/wp-json\/wp\/v2\/comments?post=63"}],"version-history":[{"count":3,"href":"https:\/\/french-riviera-vtc.fr\/en\/wp-json\/wp\/v2\/pages\/63\/revisions"}],"predecessor-version":[{"id":872,"href":"https:\/\/french-riviera-vtc.fr\/en\/wp-json\/wp\/v2\/pages\/63\/revisions\/872"}],"wp:attachment":[{"href":"https:\/\/french-riviera-vtc.fr\/en\/wp-json\/wp\/v2\/media?parent=63"}],"curies":[{"name":"wp","href":"https:\/\/api.w.org\/{rel}","templated":true}]}}