{"id":1341,"date":"2025-05-08T17:50:34","date_gmt":"2025-05-08T15:50:34","guid":{"rendered":"https:\/\/french-riviera-vtc.fr\/?page_id=1341"},"modified":"2025-05-15T22:06:27","modified_gmt":"2025-05-15T20:06:27","slug":"reservation-2","status":"publish","type":"page","link":"https:\/\/french-riviera-vtc.fr\/en\/reservation-2\/","title":{"rendered":"NOS SERVICES"},"content":{"rendered":"<div data-elementor-type=\"wp-page\" data-elementor-id=\"1341\" class=\"elementor elementor-1341\">\n\t\t\t\t<div class=\"elementor-element elementor-element-0e84422 e-con-full e-flex wpr-particle-no wpr-jarallax-no wpr-parallax-no wpr-sticky-section-no e-con e-parent\" data-id=\"0e84422\" data-element_type=\"container\" data-e-type=\"container\" data-settings=\"{&quot;background_background&quot;:&quot;gradient&quot;}\">\n\t\t\t\t<div class=\"elementor-element elementor-element-05c78d3 elementor-widget elementor-widget-video\" data-id=\"05c78d3\" data-element_type=\"widget\" data-e-type=\"widget\" data-settings=\"{&quot;video_type&quot;:&quot;hosted&quot;,&quot;autoplay&quot;:&quot;yes&quot;,&quot;play_on_mobile&quot;:&quot;yes&quot;,&quot;mute&quot;:&quot;yes&quot;}\" data-widget_type=\"video.default\">\n\t\t\t\t<div class=\"elementor-widget-container\">\n\t\t\t\t\t\t\t<div class=\"e-hosted-video elementor-wrapper elementor-open-inline\">\n\t\t\t\t\t<video class=\"elementor-video\" src=\"https:\/\/french-riviera-vtc.fr\/wp-content\/uploads\/2025\/05\/VID-20250427-WA0006.mp4\" autoplay=\"\" muted=\"muted\" playsinline=\"\" controlslist=\"nodownload\"><\/video>\n\t\t\t\t<\/div>\n\t\t\t\t\t\t<\/div>\n\t\t\t\t<\/div>\n\t\t\t\t<div class=\"elementor-element elementor-element-531daf1 elementor-widget elementor-widget-heading\" data-id=\"531daf1\" data-element_type=\"widget\" data-e-type=\"widget\" data-widget_type=\"heading.default\">\n\t\t\t\t<div class=\"elementor-widget-container\">\n\t\t\t\t\t<h1 class=\"elementor-heading-title elementor-size-default\">Chauffeur VTC Nice C\u00f4te d\u2019Azur  | Services VTC de Luxe \u2013 French Riviera VTC<\/h1>\t\t\t\t<\/div>\n\t\t\t\t<\/div>\n\t\t\t\t<div class=\"elementor-element elementor-element-3a83c40 elementor-widget elementor-widget-text-editor\" data-id=\"3a83c40\" data-element_type=\"widget\" data-e-type=\"widget\" data-widget_type=\"text-editor.default\">\n\t\t\t\t<div class=\"elementor-widget-container\">\n\t\t\t\t\t\t\t\t\t<h2 data-start=\"360\" data-end=\"518\">D\u00e9couvrez nos services VTC haut de gamme sur la French Riviera : transferts a\u00e9roports, mise \u00e0 disposition, \u00e9v\u00e9nements VIP. Ponctualit\u00e9, confort et discr\u00e9tion.<\/h2>\t\t\t\t\t\t\t\t<\/div>\n\t\t\t\t<\/div>\n\t\t\t\t<div class=\"elementor-element elementor-element-e0c3ba0 elementor-widget elementor-widget-heading\" data-id=\"e0c3ba0\" data-element_type=\"widget\" data-e-type=\"widget\" data-widget_type=\"heading.default\">\n\t\t\t\t<div class=\"elementor-widget-container\">\n\t\t\t\t\t<h3 class=\"elementor-heading-title elementor-size-default\">Nos services VTC haut de gamme sur la French Riviera<\/h3>\t\t\t\t<\/div>\n\t\t\t\t<\/div>\n\t\t\t\t<div class=\"elementor-element elementor-element-5c16391 elementor-widget elementor-widget-text-editor\" data-id=\"5c16391\" data-element_type=\"widget\" data-e-type=\"widget\" data-widget_type=\"text-editor.default\">\n\t\t\t\t<div class=\"elementor-widget-container\">\n\t\t\t\t\t\t\t\t\t<h4>Chez<strong>\u00a0F<i>rench-riviera-vtc.fr<\/i><\/strong>, chaque client est unique. C\u2019est pourquoi nous vous offrons un service personnalis\u00e9, adapt\u00e9 \u00e0 vos besoins et \u00e0 votre emploi du temps. Nos\u00a0<strong data-start=\"991\" data-end=\"1020\">chauffeurs professionnels<\/strong>\u00a0sont form\u00e9s pour vous garantir un\u00a0<strong data-start=\"1055\" data-end=\"1098\">trajet s\u00e9curis\u00e9, confortable et discret<\/strong>.<\/h4><h4>Nous assurons vos transferts depuis et vers les principaux a\u00e9roports de la C\u00f4te d\u2019Azur :<\/h4><h4>A\u00e9roport de Nice C\u00f4te d\u2019Azur (NCE)<\/h4><h4>A\u00e9roport de Cannes-Mandelieu<\/h4><h4>H\u00e9liport de Monaco<\/h4><h4><strong data-start=\"1140\" data-end=\"1228\">Accueil personnalis\u00e9 avec pancarte, assistance bagages, suivi des vols en temps r\u00e9el<\/strong> : tout est pens\u00e9 pour votre confort d\u00e8s votre arriv\u00e9e.<\/h4>\t\t\t\t\t\t\t\t<\/div>\n\t\t\t\t<\/div>\n\t\t\t\t<div class=\"elementor-element elementor-element-3345d82 elementor-widget elementor-widget-heading\" data-id=\"3345d82\" data-element_type=\"widget\" data-e-type=\"widget\" data-widget_type=\"heading.default\">\n\t\t\t\t<div class=\"elementor-widget-container\">\n\t\t\t\t\t<h2 class=\"elementor-heading-title elementor-size-default\"> Transferts a\u00e9roport \u2013 Nice, Cannes, Monaco<\/h2>\t\t\t\t<\/div>\n\t\t\t\t<\/div>\n\t\t\t\t<div class=\"elementor-element elementor-element-1828992 elementor-widget elementor-widget-text-editor\" data-id=\"1828992\" data-element_type=\"widget\" data-e-type=\"widget\" data-widget_type=\"text-editor.default\">\n\t\t\t\t<div class=\"elementor-widget-container\">\n\t\t\t\t\t\t\t\t\t<h4><span data-start=\"597\" data-end=\"619\">Chez <\/span><strong data-start=\"597\" data-end=\"619\">French Riviera VTC<\/strong>, nous vous proposons une gamme compl\u00e8te de services de transport priv\u00e9 de luxe, adapt\u00e9e \u00e0 vos besoins et \u00e0 votre mode de vie. Que vous soyez r\u00e9sident, voyageur d\u2019affaires ou touriste, notre objectif est de vous offrir une <strong data-start=\"842\" data-end=\"892\">exp\u00e9rience sur-mesure, \u00e9l\u00e9gante et sans stress<\/strong>.<\/h4>\t\t\t\t\t\t\t\t<\/div>\n\t\t\t\t<\/div>\n\t\t\t\t<div class=\"elementor-element elementor-element-2da208e elementor-widget elementor-widget-heading\" data-id=\"2da208e\" data-element_type=\"widget\" data-e-type=\"widget\" data-widget_type=\"heading.default\">\n\t\t\t\t<div class=\"elementor-widget-container\">\n\t\t\t\t\t<h2 class=\"elementor-heading-title elementor-size-default\">Transport VIP et \u00e9v\u00e9nements prestigieux<\/h2>\t\t\t\t<\/div>\n\t\t\t\t<\/div>\n\t\t\t\t<div class=\"elementor-element elementor-element-2c56ad0 elementor-widget elementor-widget-text-editor\" data-id=\"2c56ad0\" data-element_type=\"widget\" data-e-type=\"widget\" data-widget_type=\"text-editor.default\">\n\t\t\t\t<div class=\"elementor-widget-container\">\n\t\t\t\t\t\t\t\t\t<h3 data-start=\"1766\" data-end=\"1843\">Nous accompagnons nos clients lors de tous types d\u2019\u00e9v\u00e9nements haut de gamme :<\/h3><ul data-start=\"1845\" data-end=\"1956\"><li data-start=\"1845\" data-end=\"1867\"><h4 data-start=\"1847\" data-end=\"1867\">Festival de Cannes<\/h4><\/li><li data-start=\"1868\" data-end=\"1892\"><h4 data-start=\"1870\" data-end=\"1892\">Grand Prix de Monaco<\/h4><\/li><li data-start=\"1893\" data-end=\"1921\"><h4 data-start=\"1895\" data-end=\"1921\">MIPIM, Lions, Yacht Show<\/h4><\/li><li data-start=\"1922\" data-end=\"1956\"><h4 data-start=\"1924\" data-end=\"1956\">Mariages, soir\u00e9es priv\u00e9es, galas<\/h4><\/li><\/ul><h4 data-start=\"1958\" data-end=\"2089\"><strong data-start=\"1958\" data-end=\"2028\">V\u00e9hicules de prestige, dress code du chauffeur, discr\u00e9tion absolue<\/strong> : nous sommes pr\u00eats pour tous les rendez-vous de l\u2019\u00e9l\u00e9gance.<\/h4>\t\t\t\t\t\t\t\t<\/div>\n\t\t\t\t<\/div>\n\t\t\t\t<div class=\"elementor-element elementor-element-7959f39 elementor-widget elementor-widget-heading\" data-id=\"7959f39\" data-element_type=\"widget\" data-e-type=\"widget\" data-widget_type=\"heading.default\">\n\t\t\t\t<div class=\"elementor-widget-container\">\n\t\t\t\t\t<h2 class=\"elementor-heading-title elementor-size-default\">Service multilingue et international<\/h2>\t\t\t\t<\/div>\n\t\t\t\t<\/div>\n\t\t\t\t<div class=\"elementor-element elementor-element-3d57782 elementor-widget elementor-widget-text-editor\" data-id=\"3d57782\" data-element_type=\"widget\" data-e-type=\"widget\" data-widget_type=\"text-editor.default\">\n\t\t\t\t<div class=\"elementor-widget-container\">\n\t\t\t\t\t\t\t\t\t<h3>Nos chauffeurs parlent <strong data-start=\"2626\" data-end=\"2647\">fran\u00e7ais, anglais<\/strong>, et sur demande, <strong data-start=\"2665\" data-end=\"2683\">russe ou arabe<\/strong>.<br data-start=\"2684\" data-end=\"2687\" \/>Nous accueillons une client\u00e8le internationale avec une <strong data-start=\"2742\" data-end=\"2770\">courtoisie irr\u00e9prochable<\/strong>.<\/h3>\t\t\t\t\t\t\t\t<\/div>\n\t\t\t\t<\/div>\n\t\t\t\t<div class=\"elementor-element elementor-element-e43c360 elementor-widget elementor-widget-heading\" data-id=\"e43c360\" data-element_type=\"widget\" data-e-type=\"widget\" data-widget_type=\"heading.default\">\n\t\t\t\t<div class=\"elementor-widget-container\">\n\t\t\t\t\t<h2 class=\"elementor-heading-title elementor-size-default\">R\u00e9server votre chauffeur priv\u00e9<\/h2>\t\t\t\t<\/div>\n\t\t\t\t<\/div>\n\t\t\t\t<div class=\"elementor-element elementor-element-2a57d32 elementor-widget elementor-widget-text-editor\" data-id=\"2a57d32\" data-element_type=\"widget\" data-e-type=\"widget\" data-widget_type=\"text-editor.default\">\n\t\t\t\t<div class=\"elementor-widget-container\">\n\t\t\t\t\t\t\t\t\t<h3 data-start=\"2822\" data-end=\"2870\">Il vous suffit de quelques clics pour r\u00e9server :<\/h3><ul data-start=\"2872\" data-end=\"2971\"><li data-start=\"2872\" data-end=\"2910\"><h4 data-start=\"2874\" data-end=\"2910\">Formulaire de r\u00e9servation en ligne<\/h4><\/li><li data-start=\"2911\" data-end=\"2940\"><h4 data-start=\"2913\" data-end=\"2940\">Devis personnalis\u00e9 rapide<\/h4><\/li><li data-start=\"2941\" data-end=\"2971\"><h4 data-start=\"2943\" data-end=\"2971\">R\u00e9ponse en moins d\u2019une heure<\/h4><\/li><\/ul><blockquote data-start=\"2973\" data-end=\"3003\"><h4 data-start=\"2975\" data-end=\"3003\">Disponible <strong data-start=\"2986\" data-end=\"3003\">24h\/24 \u2013 7j\/7<\/strong><\/h4><\/blockquote>\t\t\t\t\t\t\t\t<\/div>\n\t\t\t\t<\/div>\n\t\t\t\t<\/div>\n\t\t\t\t<section class=\"elementor-section elementor-inner-section elementor-element elementor-element-45a636ff elementor-section-full_width elementor-section-height-default elementor-section-height-default wpr-particle-no wpr-jarallax-no wpr-parallax-no wpr-sticky-section-no\" data-id=\"45a636ff\" data-element_type=\"section\" data-e-type=\"section\" data-settings=\"{&quot;background_background&quot;:&quot;gradient&quot;}\">\n\t\t\t\t\t\t<div class=\"elementor-container elementor-column-gap-wide\">\n\t\t\t\t\t<div class=\"elementor-column elementor-col-50 elementor-inner-column elementor-element elementor-element-4866803\" data-id=\"4866803\" data-element_type=\"column\" data-e-type=\"column\">\n\t\t\t<div class=\"elementor-widget-wrap elementor-element-populated\">\n\t\t\t\t\t\t<div class=\"elementor-element elementor-element-7f4596a3 elementor-widget elementor-widget-heading\" data-id=\"7f4596a3\" data-element_type=\"widget\" data-e-type=\"widget\" data-widget_type=\"heading.default\">\n\t\t\t\t<div class=\"elementor-widget-container\">\n\t\t\t\t\t<h2 class=\"elementor-heading-title elementor-size-default\">Contacts<\/h2>\t\t\t\t<\/div>\n\t\t\t\t<\/div>\n\t\t\t\t<div class=\"elementor-element elementor-element-52877b79 elementor-widget elementor-widget-text-editor\" data-id=\"52877b79\" data-element_type=\"widget\" data-e-type=\"widget\" data-widget_type=\"text-editor.default\">\n\t\t\t\t<div class=\"elementor-widget-container\">\n\t\t\t\t\t\t\t\t\t<h6><a href=\"tel:+33758662833\">+33 (0) 6 59 13 79 56<\/a><\/h6><p><a href=\"mailto:contact.rivieravtc@gmail.com\">contact.rivieravtc@gmail.com<\/a><\/p><p>Nice C\u00f4te d&rsquo;Azur<\/p>\t\t\t\t\t\t\t\t<\/div>\n\t\t\t\t<\/div>\n\t\t\t\t\t<\/div>\n\t\t<\/div>\n\t\t\t\t<div class=\"elementor-column elementor-col-50 elementor-inner-column elementor-element elementor-element-d62b0a5\" data-id=\"d62b0a5\" data-element_type=\"column\" data-e-type=\"column\">\n\t\t\t<div class=\"elementor-widget-wrap elementor-element-populated\">\n\t\t\t\t\t\t<div class=\"elementor-element elementor-element-7d3e8ce2 elementor-widget elementor-widget-text-editor\" data-id=\"7d3e8ce2\" data-element_type=\"widget\" data-e-type=\"widget\" data-widget_type=\"text-editor.default\">\n\t\t\t\t<div class=\"elementor-widget-container\">\n\t\t\t\t\t\t\t\t\t<p><a href=\"https:\/\/french-riviera-vtc.fr\/en\/\">HOME<\/a><\/p><p><a href=\"https:\/\/french-riviera-vtc.fr\/en\/french-riviera-vtc-3-2-2-2-2\/\">BOOKING<\/a><\/p><p><a href=\"https:\/\/french-riviera-vtc.fr\/en\/cgv\/\">GENERAL TERMS AND CONDITIONS<\/a><\/p><p><a href=\"https:\/\/french-riviera-vtc.fr\/en\/mentions-legales\/\">LEGAL NOTICE\u00a0<\/a><\/p><p><a href=\"https:\/\/french-riviera-vtc.fr\/en\/politique-de-confidentialite\/\">PRIVACY POLICY<\/a><\/p>\t\t\t\t\t\t\t\t<\/div>\n\t\t\t\t<\/div>\n\t\t\t\t\t<\/div>\n\t\t<\/div>\n\t\t\t\t\t<\/div>\n\t\t<\/section>\n\t\t\t\t<\/div>","protected":false},"excerpt":{"rendered":"<p>https:\/\/french-riviera-vtc.fr\/wp-content\/uploads\/2025\/05\/VID-20250427-WA0006.mp4 Chauffeur VTC Nice C\u00f4te d\u2019Azur | Services VTC de Luxe \u2013 French Riviera VTC D\u00e9couvrez nos services VTC haut de gamme sur la French Riviera : transferts a\u00e9roports, mise \u00e0 disposition, \u00e9v\u00e9nements VIP. Ponctualit\u00e9, confort et discr\u00e9tion. Nos services VTC haut de gamme sur la French Riviera Chez\u00a0French-riviera-vtc.fr, chaque client est unique. C\u2019est pourquoi nous vous offrons un service personnalis\u00e9, adapt\u00e9 \u00e0 vos besoins et \u00e0 votre emploi du temps. Nos\u00a0chauffeurs professionnels\u00a0sont form\u00e9s pour vous garantir un\u00a0trajet s\u00e9curis\u00e9, confortable et discret. Nous assurons vos transferts depuis et vers les principaux a\u00e9roports de la C\u00f4te d\u2019Azur : A\u00e9roport de Nice C\u00f4te d\u2019Azur (NCE) A\u00e9roport de Cannes-Mandelieu H\u00e9liport de Monaco Accueil personnalis\u00e9 avec pancarte, assistance bagages, suivi des vols en temps r\u00e9el : tout est pens\u00e9 pour votre confort d\u00e8s votre arriv\u00e9e. Transferts a\u00e9roport \u2013 Nice, Cannes, Monaco Chez French Riviera VTC, nous vous proposons une gamme compl\u00e8te de services de transport priv\u00e9 de luxe, adapt\u00e9e \u00e0 vos besoins et \u00e0 votre mode de vie. Que vous soyez r\u00e9sident, voyageur d\u2019affaires ou touriste, notre objectif est de vous offrir une exp\u00e9rience sur-mesure, \u00e9l\u00e9gante et sans stress. Transport VIP et \u00e9v\u00e9nements prestigieux Nous accompagnons nos clients lors de tous types d\u2019\u00e9v\u00e9nements haut de gamme : Festival de Cannes Grand Prix de Monaco MIPIM, Lions, Yacht Show Mariages, soir\u00e9es priv\u00e9es, galas V\u00e9hicules de prestige, dress code du chauffeur, discr\u00e9tion absolue : nous sommes pr\u00eats pour tous les rendez-vous de l\u2019\u00e9l\u00e9gance. Service multilingue et international Nos chauffeurs parlent fran\u00e7ais, anglais, et sur demande, russe ou arabe.Nous accueillons une client\u00e8le internationale avec une courtoisie irr\u00e9prochable. R\u00e9server votre chauffeur priv\u00e9 Il vous suffit de quelques clics pour r\u00e9server : Formulaire de r\u00e9servation en ligne Devis personnalis\u00e9 rapide R\u00e9ponse en moins d\u2019une heure Disponible 24h\/24 \u2013 7j\/7 Contacts +33 (0) 6 59 13 79 56 contact.rivieravtc@gmail.com Nice C\u00f4te d&rsquo;Azur ACCUEIL R\u00c9SERVATION CGV MENTIONS L\u00c9GALES\u00a0 POLITIQUE DE CONFIDENTIALIT\u00c9<\/p>","protected":false},"author":1,"featured_media":0,"parent":0,"menu_order":0,"comment_status":"closed","ping_status":"closed","template":"","meta":{"footnotes":""},"class_list":["post-1341","page","type-page","status-publish","hentry"],"jetpack_sharing_enabled":true,"_links":{"self":[{"href":"https:\/\/french-riviera-vtc.fr\/en\/wp-json\/wp\/v2\/pages\/1341","targetHints":{"allow":["GET"]}}],"collection":[{"href":"https:\/\/french-riviera-vtc.fr\/en\/wp-json\/wp\/v2\/pages"}],"about":[{"href":"https:\/\/french-riviera-vtc.fr\/en\/wp-json\/wp\/v2\/types\/page"}],"author":[{"embeddable":true,"href":"https:\/\/french-riviera-vtc.fr\/en\/wp-json\/wp\/v2\/users\/1"}],"replies":[{"embeddable":true,"href":"https:\/\/french-riviera-vtc.fr\/en\/wp-json\/wp\/v2\/comments?post=1341"}],"version-history":[{"count":42,"href":"https:\/\/french-riviera-vtc.fr\/en\/wp-json\/wp\/v2\/pages\/1341\/revisions"}],"predecessor-version":[{"id":1587,"href":"https:\/\/french-riviera-vtc.fr\/en\/wp-json\/wp\/v2\/pages\/1341\/revisions\/1587"}],"wp:attachment":[{"href":"https:\/\/french-riviera-vtc.fr\/en\/wp-json\/wp\/v2\/media?parent=1341"}],"curies":[{"name":"wp","href":"https:\/\/api.w.org\/{rel}","templated":true}]}}